{"id":10539,"date":"2025-12-04T19:00:45","date_gmt":"2025-12-04T19:00:45","guid":{"rendered":"https:\/\/ramossilva.adv.br\/?page_id=10539"},"modified":"2026-01-07T20:14:55","modified_gmt":"2026-01-07T20:14:55","slug":"andre-luiz-carneiro-silva","status":"publish","type":"page","link":"https:\/\/ramossilva.adv.br\/en\/andre-luiz-carneiro-silva\/","title":{"rendered":"Andr\u00e9 Luiz Carneiro Silva"},"content":{"rendered":"<div data-elementor-type=\"wp-page\" data-elementor-id=\"10539\" class=\"elementor elementor-10539\">\n\t\t\t\t<div class=\"elementor-element elementor-element-9acfa95 e-con-full header_4_banner e-flex e-con e-parent\" data-id=\"9acfa95\" data-element_type=\"container\" data-e-type=\"container\" data-settings=\"{&quot;background_background&quot;:&quot;classic&quot;}\">\n\t\t<div class=\"elementor-element elementor-element-70b1720d e-con-full e-flex e-con e-child\" data-id=\"70b1720d\" data-element_type=\"container\" data-e-type=\"container\" data-settings=\"{&quot;background_background&quot;:&quot;classic&quot;}\">\n\t\t<div class=\"elementor-element elementor-element-2d4e62e7 e-con-full e-flex e-con e-child\" data-id=\"2d4e62e7\" data-element_type=\"container\" data-e-type=\"container\">\n\t\t\t\t<div class=\"elementor-element elementor-element-32a04da7 rr-title-anim elementor-widget__width-inherit elementor-widget elementor-widget-heading\" data-id=\"32a04da7\" data-element_type=\"widget\" data-e-type=\"widget\" data-widget_type=\"heading.default\">\n\t\t\t\t\t<h1 class=\"elementor-heading-title elementor-size-default\">Perfil Profissional<\/h1>\t\t\t\t<\/div>\n\t\t\t\t<div class=\"elementor-element elementor-element-25b937f4 elementor-widget__width-inherit elementor-invisible elementor-widget elementor-widget-text-editor\" data-id=\"25b937f4\" data-element_type=\"widget\" data-e-type=\"widget\" data-settings=\"{&quot;_animation&quot;:&quot;fadeIn&quot;}\" data-widget_type=\"text-editor.default\">\n\t\t\t\t\t\t\t\t\t<p>Andr\u00e9 Luiz Carneiro Silva<\/p>\t\t\t\t\t\t\t\t<\/div>\n\t\t\t\t<\/div>\n\t\t\t\t<\/div>\n\t\t\t\t<\/div>\n\t\t<div class=\"elementor-element elementor-element-a7c54e0 e-con-full e-flex e-con e-parent\" data-id=\"a7c54e0\" data-element_type=\"container\" data-e-type=\"container\" data-settings=\"{&quot;background_background&quot;:&quot;classic&quot;}\">\n\t\t<div class=\"elementor-element elementor-element-996db2a e-flex e-con-boxed e-con e-child\" data-id=\"996db2a\" data-element_type=\"container\" data-e-type=\"container\">\n\t\t\t\t\t<div class=\"e-con-inner\">\n\t\t<div class=\"elementor-element elementor-element-4c5420e e-con-full e-flex e-con e-child\" data-id=\"4c5420e\" data-element_type=\"container\" data-e-type=\"container\">\n\t\t\t\t<div class=\"elementor-element elementor-element-4696e12 elementor-widget elementor-widget-stravise_image\" data-id=\"4696e12\" data-element_type=\"widget\" data-e-type=\"widget\" data-widget_type=\"stravise_image.default\">\n\t\t\t\t<div class=\"elementor-widget-container\">\n\t\t\t\t\t\r\n\t\t\t\r\n\t\t\t\t\t\t\t\t\t<div class=\"best-strategy__thumb\">\r\n\t\t\t\t\t\t<img decoding=\"async\" class=\"img-custom-anim-img\" src=\"https:\/\/ramossilva.adv.br\/wp-content\/uploads\/2026\/01\/andre-ramos-silva.webp\" alt=\"\">\r\n\t\t\t\t\t<\/div>\r\n\t\t\t\t\r\n\t\t\t\t\t\t\t<\/div>\n\t\t\t\t<\/div>\n\t\t\t\t<\/div>\n\t\t<div class=\"elementor-element elementor-element-67f32ed e-con-full e-flex e-con e-child\" data-id=\"67f32ed\" data-element_type=\"container\" data-e-type=\"container\">\n\t\t\t\t<div class=\"elementor-element elementor-element-67ff1c8 elementor-widget elementor-widget-heading\" data-id=\"67ff1c8\" data-element_type=\"widget\" data-e-type=\"widget\" data-widget_type=\"heading.default\">\n\t\t\t\t\t<p class=\"elementor-heading-title elementor-size-default\">Diretor de Novos Neg\u00f3cios<\/p>\t\t\t\t<\/div>\n\t\t\t\t<div class=\"elementor-element elementor-element-231d6a4 rr-title-anim elementor-widget elementor-widget-heading\" data-id=\"231d6a4\" data-element_type=\"widget\" data-e-type=\"widget\" data-widget_type=\"heading.default\">\n\t\t\t\t\t<h2 class=\"elementor-heading-title elementor-size-default\">Andr\u00e9 Luiz Carneiro Silva<\/h2>\t\t\t\t<\/div>\n\t\t\t\t<div class=\"elementor-element elementor-element-0c7f4e9 elementor-invisible elementor-widget elementor-widget-text-editor\" data-id=\"0c7f4e9\" data-element_type=\"widget\" data-e-type=\"widget\" data-settings=\"{&quot;_animation&quot;:&quot;fadeInUp&quot;}\" data-widget_type=\"text-editor.default\">\n\t\t\t\t\t\t\t\t\t<div class=\"fade-top\"><p class=\"team-details__dec mb-30\">Advogado pelo Centro Universit\u00e1rio UNA, p\u00f3s-graduado em Direito Civil e Empresarial pela Faculdade Dam\u00e1sio Educacional, p\u00f3s-graduado em Direito Imobili\u00e1rio Aplicado pela Anhanguera Educacional, T\u00e9cnico em Transa\u00e7\u00f5es Imobili\u00e1rias pela ETEMG, Presidente da Comiss\u00e3o de Direito Empresarial OAB Betim 2023\/2025, ampla experi\u00eancia em consultoria jur\u00eddica empresarial, imobili\u00e1ria, negocia\u00e7\u00f5es complexas, intermedia\u00e7\u00e3o de neg\u00f3cios e administra\u00e7\u00e3o de conflitos. \u00c9 respons\u00e1vel pelas \u00e1reas de Direito Empresarial, Societ\u00e1rio, Imobili\u00e1rio, Agroneg\u00f3cio, Contratos, Arbitragem, Fus\u00f5es e Aquisi\u00e7\u00f5es.<\/p><\/div>\t\t\t\t\t\t\t\t<\/div>\n\t\t<div class=\"elementor-element elementor-element-c18b41d e-con-full e-flex elementor-invisible e-con e-child\" data-id=\"c18b41d\" data-element_type=\"container\" data-e-type=\"container\" data-settings=\"{&quot;animation&quot;:&quot;fadeInUp&quot;}\">\n\t\t<div class=\"elementor-element elementor-element-432289b e-con-full e-flex e-con e-child\" data-id=\"432289b\" data-element_type=\"container\" data-e-type=\"container\">\n\t\t\t\t<div class=\"elementor-element elementor-element-2029249 fade-top elementor-widget__width-initial elementor-widget-widescreen__width-initial elementor-widget-laptop__width-auto elementor-invisible elementor-widget elementor-widget-stravise-theme-button\" data-id=\"2029249\" data-element_type=\"widget\" data-e-type=\"widget\" data-settings=\"{&quot;_animation&quot;:&quot;fadeInUp&quot;}\" data-widget_type=\"stravise-theme-button.default\">\n\t\t\t\t<div class=\"elementor-widget-container\">\n\t\t\t\t\t\r\n\t\t\r\n\t\t\t\t\t\t<div class=\"banner-section__btn fade-top\">\r\n\t\t\t\t<a target=\"_self\" rel=\"nofollow\" href=\"https:\/\/ramossilva.adv.br\/en\/quem_somos\/\" class=\"rr-btn hover-anim\">Quem Somos\t\t\t\t \r\n\t\t\t\t\t    \t\t\t\t\t<i aria-hidden=\"true\" class=\"fa-light fa-angle-right\"><\/i>\t\t\t\t\t\t\t\t\t\t\t\t\t<span class=\"hover-bg\"><\/span>\r\n\t\t\t\t<\/a>\r\n\t\t\t<\/div>\r\n\t\t\t\r\n\t\t\r\n\t\t\t\t\t\t<\/div>\n\t\t\t\t<\/div>\n\t\t\t\t<div class=\"elementor-element elementor-element-d989937 fade-top elementor-widget__width-initial elementor-widget-widescreen__width-initial elementor-widget-laptop__width-auto elementor-invisible elementor-widget elementor-widget-stravise-theme-button\" data-id=\"d989937\" data-element_type=\"widget\" data-e-type=\"widget\" data-settings=\"{&quot;_animation&quot;:&quot;fadeInUp&quot;}\" data-widget_type=\"stravise-theme-button.default\">\n\t\t\t\t<div class=\"elementor-widget-container\">\n\t\t\t\t\t\r\n\t\t\r\n\t\t\t\t\t\t<div class=\"banner-section__btn fade-top\">\r\n\t\t\t\t<a target=\"_self\" rel=\"nofollow\" href=\"https:\/\/ramossilva.adv.br\/en\/equipe\/\" class=\"rr-btn hover-anim\">Equipe\t\t\t\t \r\n\t\t\t\t\t    \t\t\t\t\t<i aria-hidden=\"true\" class=\"fa-light fa-angle-right\"><\/i>\t\t\t\t\t\t\t\t\t\t\t\t\t<span class=\"hover-bg\"><\/span>\r\n\t\t\t\t<\/a>\r\n\t\t\t<\/div>\r\n\t\t\t\r\n\t\t\r\n\t\t\t\t\t\t<\/div>\n\t\t\t\t<\/div>\n\t\t\t\t<div class=\"elementor-element elementor-element-ce84ba6 fade-top elementor-widget__width-initial elementor-widget-widescreen__width-initial elementor-widget-laptop__width-auto elementor-invisible elementor-widget elementor-widget-stravise-theme-button\" data-id=\"ce84ba6\" data-element_type=\"widget\" data-e-type=\"widget\" data-settings=\"{&quot;_animation&quot;:&quot;fadeInUp&quot;}\" data-widget_type=\"stravise-theme-button.default\">\n\t\t\t\t<div class=\"elementor-widget-container\">\n\t\t\t\t\t\r\n\t\t\r\n\t\t\t\t\t\t<div class=\"banner-section__btn fade-top\">\r\n\t\t\t\t<a target=\"_self\" rel=\"nofollow\" href=\"https:\/\/ramossilva.adv.br\/en\/contato\/\" class=\"rr-btn hover-anim\">Fale conosco\t\t\t\t \r\n\t\t\t\t\t    \t\t\t\t\t<i aria-hidden=\"true\" class=\"fa-light fa-angle-right\"><\/i>\t\t\t\t\t\t\t\t\t\t\t\t\t<span class=\"hover-bg\"><\/span>\r\n\t\t\t\t<\/a>\r\n\t\t\t<\/div>\r\n\t\t\t\r\n\t\t\r\n\t\t\t\t\t\t<\/div>\n\t\t\t\t<\/div>\n\t\t\t\t<\/div>\n\t\t\t\t<\/div>\n\t\t\t\t<\/div>\n\t\t\t\t\t<\/div>\n\t\t\t\t<\/div>\n\t\t\t\t<\/div>\n\t\t<div class=\"elementor-element elementor-element-4fc1d357 e-con-full e-flex e-con e-parent\" data-id=\"4fc1d357\" data-element_type=\"container\" data-e-type=\"container\">\n\t\t\t\t<\/div>\n\t\t\t\t<\/div>","protected":false},"excerpt":{"rendered":"<p>Perfil Profissional Andr\u00e9 Luiz Carneiro Silva Diretor de Novos Neg\u00f3cios Andr\u00e9 Luiz Carneiro Silva Advogado pelo Centro Universit\u00e1rio UNA, p\u00f3s-graduado em Direito Civil e Empresarial pela Faculdade Dam\u00e1sio Educacional, p\u00f3s-graduado em Direito Imobili\u00e1rio Aplicado pela Anhanguera Educacional, T\u00e9cnico em Transa\u00e7\u00f5es Imobili\u00e1rias pela ETEMG, Presidente da Comiss\u00e3o de Direito Empresarial OAB Betim 2023\/2025, ampla experi\u00eancia em [&hellip;]<\/p>\n","protected":false},"author":1,"featured_media":0,"parent":0,"menu_order":0,"comment_status":"closed","ping_status":"closed","template":"elementor_header_footer","meta":{"_monsterinsights_skip_tracking":false,"_monsterinsights_sitenote_active":false,"_monsterinsights_sitenote_note":"","_monsterinsights_sitenote_category":0,"footnotes":""},"class_list":["post-10539","page","type-page","status-publish","hentry"],"aioseo_notices":[],"_hostinger_reach_plugin_has_subscription_block":false,"_hostinger_reach_plugin_is_elementor":false,"_links":{"self":[{"href":"https:\/\/ramossilva.adv.br\/en\/wp-json\/wp\/v2\/pages\/10539","targetHints":{"allow":["GET"]}}],"collection":[{"href":"https:\/\/ramossilva.adv.br\/en\/wp-json\/wp\/v2\/pages"}],"about":[{"href":"https:\/\/ramossilva.adv.br\/en\/wp-json\/wp\/v2\/types\/page"}],"author":[{"embeddable":true,"href":"https:\/\/ramossilva.adv.br\/en\/wp-json\/wp\/v2\/users\/1"}],"replies":[{"embeddable":true,"href":"https:\/\/ramossilva.adv.br\/en\/wp-json\/wp\/v2\/comments?post=10539"}],"version-history":[{"count":41,"href":"https:\/\/ramossilva.adv.br\/en\/wp-json\/wp\/v2\/pages\/10539\/revisions"}],"predecessor-version":[{"id":11815,"href":"https:\/\/ramossilva.adv.br\/en\/wp-json\/wp\/v2\/pages\/10539\/revisions\/11815"}],"wp:attachment":[{"href":"https:\/\/ramossilva.adv.br\/en\/wp-json\/wp\/v2\/media?parent=10539"}],"curies":[{"name":"wp","href":"https:\/\/api.w.org\/{rel}","templated":true}]}}