{"id":10715,"date":"2025-12-08T21:33:53","date_gmt":"2025-12-08T21:33:53","guid":{"rendered":"https:\/\/ramossilva.adv.br\/?page_id=10715"},"modified":"2026-01-07T20:21:15","modified_gmt":"2026-01-07T20:21:15","slug":"leonardo-teixeira-lucio","status":"publish","type":"page","link":"https:\/\/ramossilva.adv.br\/en\/leonardo-teixeira-lucio\/","title":{"rendered":"Leonardo Teixeira L\u00facio"},"content":{"rendered":"<div data-elementor-type=\"wp-page\" data-elementor-id=\"10715\" class=\"elementor elementor-10715\">\n\t\t\t\t<div class=\"elementor-element elementor-element-5dfaa22d e-con-full header_4_banner e-flex e-con e-parent\" data-id=\"5dfaa22d\" data-element_type=\"container\" data-e-type=\"container\" data-settings=\"{&quot;background_background&quot;:&quot;classic&quot;}\">\n\t\t<div class=\"elementor-element elementor-element-16ebc9d8 e-con-full e-flex e-con e-child\" data-id=\"16ebc9d8\" data-element_type=\"container\" data-e-type=\"container\" data-settings=\"{&quot;background_background&quot;:&quot;classic&quot;}\">\n\t\t<div class=\"elementor-element elementor-element-317557e7 e-con-full e-flex e-con e-child\" data-id=\"317557e7\" data-element_type=\"container\" data-e-type=\"container\">\n\t\t\t\t<div class=\"elementor-element elementor-element-22541ed3 rr-title-anim elementor-widget__width-inherit elementor-widget elementor-widget-heading\" data-id=\"22541ed3\" data-element_type=\"widget\" data-e-type=\"widget\" data-widget_type=\"heading.default\">\n\t\t\t\t\t<h1 class=\"elementor-heading-title elementor-size-default\">Perfil Profissional<\/h1>\t\t\t\t<\/div>\n\t\t\t\t<div class=\"elementor-element elementor-element-6fb2864c elementor-widget__width-inherit elementor-invisible elementor-widget elementor-widget-text-editor\" data-id=\"6fb2864c\" data-element_type=\"widget\" data-e-type=\"widget\" data-settings=\"{&quot;_animation&quot;:&quot;fadeIn&quot;}\" data-widget_type=\"text-editor.default\">\n\t\t\t\t\t\t\t\t\t<p>Leonardo Teixeira L\u00facio<\/p>\t\t\t\t\t\t\t\t<\/div>\n\t\t\t\t<\/div>\n\t\t\t\t<\/div>\n\t\t\t\t<\/div>\n\t\t<div class=\"elementor-element elementor-element-13452953 e-con-full e-flex e-con e-parent\" data-id=\"13452953\" data-element_type=\"container\" data-e-type=\"container\" data-settings=\"{&quot;background_background&quot;:&quot;classic&quot;}\">\n\t\t<div class=\"elementor-element elementor-element-2e4dac8 e-flex e-con-boxed e-con e-child\" data-id=\"2e4dac8\" data-element_type=\"container\" data-e-type=\"container\">\n\t\t\t\t\t<div class=\"e-con-inner\">\n\t\t<div class=\"elementor-element elementor-element-28aa6ea1 e-con-full e-flex e-con e-child\" data-id=\"28aa6ea1\" data-element_type=\"container\" data-e-type=\"container\">\n\t\t\t\t<div class=\"elementor-element elementor-element-466bd355 elementor-widget elementor-widget-stravise_image\" data-id=\"466bd355\" data-element_type=\"widget\" data-e-type=\"widget\" data-widget_type=\"stravise_image.default\">\n\t\t\t\t<div class=\"elementor-widget-container\">\n\t\t\t\t\t\r\n\t\t\t\r\n\t\t\t\t\t\t\t\t\t<div class=\"best-strategy__thumb\">\r\n\t\t\t\t\t\t<img decoding=\"async\" class=\"img-custom-anim-img\" src=\"https:\/\/ramossilva.adv.br\/wp-content\/uploads\/2026\/01\/leo-ramos-silva.webp\" alt=\"\">\r\n\t\t\t\t\t<\/div>\r\n\t\t\t\t\r\n\t\t\t\t\t\t\t<\/div>\n\t\t\t\t<\/div>\n\t\t\t\t<\/div>\n\t\t<div class=\"elementor-element elementor-element-9af4c5 e-con-full e-flex e-con e-child\" data-id=\"9af4c5\" data-element_type=\"container\" data-e-type=\"container\">\n\t\t\t\t<div class=\"elementor-element elementor-element-4ada30f elementor-widget elementor-widget-heading\" data-id=\"4ada30f\" data-element_type=\"widget\" data-e-type=\"widget\" data-widget_type=\"heading.default\">\n\t\t\t\t\t<p class=\"elementor-heading-title elementor-size-default\">Diretor Administrativo e Financeiro<\/p>\t\t\t\t<\/div>\n\t\t\t\t<div class=\"elementor-element elementor-element-758f97bc rr-title-anim elementor-widget elementor-widget-heading\" data-id=\"758f97bc\" data-element_type=\"widget\" data-e-type=\"widget\" data-widget_type=\"heading.default\">\n\t\t\t\t\t<h2 class=\"elementor-heading-title elementor-size-default\">Leonardo Teixeira L\u00facio\n<\/h2>\t\t\t\t<\/div>\n\t\t\t\t<div class=\"elementor-element elementor-element-552fd20c elementor-invisible elementor-widget elementor-widget-text-editor\" data-id=\"552fd20c\" data-element_type=\"widget\" data-e-type=\"widget\" data-settings=\"{&quot;_animation&quot;:&quot;fadeInUp&quot;}\" data-widget_type=\"text-editor.default\">\n\t\t\t\t\t\t\t\t\t<div class=\"fade-top\"><p class=\"team-details__dec mb-30\">Bacharel em Administra\u00e7\u00e3o de Empresas, Ci\u00eancias Cont\u00e1beis e p\u00f3s graduado em Finan\u00e7as pela Pontif\u00edcia Universidade Cat\u00f3lica de Minas Gerais. Com ampla experi\u00eancia em consultoria cont\u00e1bil, financeira e tribut\u00e1ria para empresas nacionais e estrangeiras. \u00c9 respons\u00e1vel pelo suporte \u00e0s \u00e1reas de Consultoria Tribut\u00e1ria, Empresarial, Societ\u00e1ria e Trabalhista, intervindo em quest\u00f5es de mensura\u00e7\u00e3o e atualiza\u00e7\u00e3o de d\u00e9bito, levantamentos fiscais, diagn\u00f3sticos cont\u00e1beis, entre outras atribui\u00e7\u00f5es.<\/p><\/div>\t\t\t\t\t\t\t\t<\/div>\n\t\t<div class=\"elementor-element elementor-element-484e3491 e-con-full e-flex elementor-invisible e-con e-child\" data-id=\"484e3491\" data-element_type=\"container\" data-e-type=\"container\" data-settings=\"{&quot;animation&quot;:&quot;fadeInUp&quot;}\">\n\t\t<div class=\"elementor-element elementor-element-3f3961c3 e-con-full e-flex e-con e-child\" data-id=\"3f3961c3\" data-element_type=\"container\" data-e-type=\"container\">\n\t\t\t\t<div class=\"elementor-element elementor-element-712f233 fade-top elementor-widget__width-initial elementor-widget-widescreen__width-initial elementor-widget-laptop__width-auto elementor-invisible elementor-widget elementor-widget-stravise-theme-button\" data-id=\"712f233\" data-element_type=\"widget\" data-e-type=\"widget\" data-settings=\"{&quot;_animation&quot;:&quot;fadeInUp&quot;}\" data-widget_type=\"stravise-theme-button.default\">\n\t\t\t\t<div class=\"elementor-widget-container\">\n\t\t\t\t\t\r\n\t\t\r\n\t\t\t\t\t\t<div class=\"banner-section__btn fade-top\">\r\n\t\t\t\t<a target=\"_self\" rel=\"nofollow\" href=\"https:\/\/ramossilva.adv.br\/en\/quem_somos\/\" class=\"rr-btn hover-anim\">Quem Somos\t\t\t\t \r\n\t\t\t\t\t    \t\t\t\t\t<i aria-hidden=\"true\" class=\"fa-light fa-angle-right\"><\/i>\t\t\t\t\t\t\t\t\t\t\t\t\t<span class=\"hover-bg\"><\/span>\r\n\t\t\t\t<\/a>\r\n\t\t\t<\/div>\r\n\t\t\t\r\n\t\t\r\n\t\t\t\t\t\t<\/div>\n\t\t\t\t<\/div>\n\t\t\t\t<div class=\"elementor-element elementor-element-f330d67 fade-top elementor-widget__width-initial elementor-widget-widescreen__width-initial elementor-widget-laptop__width-auto elementor-invisible elementor-widget elementor-widget-stravise-theme-button\" data-id=\"f330d67\" data-element_type=\"widget\" data-e-type=\"widget\" data-settings=\"{&quot;_animation&quot;:&quot;fadeInUp&quot;}\" data-widget_type=\"stravise-theme-button.default\">\n\t\t\t\t<div class=\"elementor-widget-container\">\n\t\t\t\t\t\r\n\t\t\r\n\t\t\t\t\t\t<div class=\"banner-section__btn fade-top\">\r\n\t\t\t\t<a target=\"_self\" rel=\"nofollow\" href=\"https:\/\/ramossilva.adv.br\/en\/equipe\/\" class=\"rr-btn hover-anim\">Equipe\t\t\t\t \r\n\t\t\t\t\t    \t\t\t\t\t<i aria-hidden=\"true\" class=\"fa-light fa-angle-right\"><\/i>\t\t\t\t\t\t\t\t\t\t\t\t\t<span class=\"hover-bg\"><\/span>\r\n\t\t\t\t<\/a>\r\n\t\t\t<\/div>\r\n\t\t\t\r\n\t\t\r\n\t\t\t\t\t\t<\/div>\n\t\t\t\t<\/div>\n\t\t\t\t<div class=\"elementor-element elementor-element-9b21c53 fade-top elementor-widget__width-initial elementor-widget-widescreen__width-initial elementor-widget-laptop__width-auto elementor-invisible elementor-widget elementor-widget-stravise-theme-button\" data-id=\"9b21c53\" data-element_type=\"widget\" data-e-type=\"widget\" data-settings=\"{&quot;_animation&quot;:&quot;fadeInUp&quot;}\" data-widget_type=\"stravise-theme-button.default\">\n\t\t\t\t<div class=\"elementor-widget-container\">\n\t\t\t\t\t\r\n\t\t\r\n\t\t\t\t\t\t<div class=\"banner-section__btn fade-top\">\r\n\t\t\t\t<a target=\"_self\" rel=\"nofollow\" href=\"https:\/\/ramossilva.adv.br\/en\/contato\/\" class=\"rr-btn hover-anim\">Fale conosco\t\t\t\t \r\n\t\t\t\t\t    \t\t\t\t\t<i aria-hidden=\"true\" class=\"fa-light fa-angle-right\"><\/i>\t\t\t\t\t\t\t\t\t\t\t\t\t<span class=\"hover-bg\"><\/span>\r\n\t\t\t\t<\/a>\r\n\t\t\t<\/div>\r\n\t\t\t\r\n\t\t\r\n\t\t\t\t\t\t<\/div>\n\t\t\t\t<\/div>\n\t\t\t\t<\/div>\n\t\t\t\t<\/div>\n\t\t\t\t<\/div>\n\t\t\t\t\t<\/div>\n\t\t\t\t<\/div>\n\t\t\t\t<\/div>\n\t\t<div class=\"elementor-element elementor-element-26b30f18 e-con-full e-flex e-con e-parent\" data-id=\"26b30f18\" data-element_type=\"container\" data-e-type=\"container\">\n\t\t\t\t<\/div>\n\t\t\t\t<\/div>","protected":false},"excerpt":{"rendered":"<p>Perfil Profissional Leonardo Teixeira L\u00facio Diretor Administrativo e Financeiro Leonardo Teixeira L\u00facio Bacharel em Administra\u00e7\u00e3o de Empresas, Ci\u00eancias Cont\u00e1beis e p\u00f3s graduado em Finan\u00e7as pela Pontif\u00edcia Universidade Cat\u00f3lica de Minas Gerais. Com ampla experi\u00eancia em consultoria cont\u00e1bil, financeira e tribut\u00e1ria para empresas nacionais e estrangeiras. \u00c9 respons\u00e1vel pelo suporte \u00e0s \u00e1reas de Consultoria Tribut\u00e1ria, Empresarial, [&hellip;]<\/p>\n","protected":false},"author":1,"featured_media":0,"parent":0,"menu_order":0,"comment_status":"closed","ping_status":"closed","template":"elementor_header_footer","meta":{"_monsterinsights_skip_tracking":false,"_monsterinsights_sitenote_active":false,"_monsterinsights_sitenote_note":"","_monsterinsights_sitenote_category":0,"footnotes":""},"class_list":["post-10715","page","type-page","status-publish","hentry"],"aioseo_notices":[],"_hostinger_reach_plugin_has_subscription_block":false,"_hostinger_reach_plugin_is_elementor":false,"_links":{"self":[{"href":"https:\/\/ramossilva.adv.br\/en\/wp-json\/wp\/v2\/pages\/10715","targetHints":{"allow":["GET"]}}],"collection":[{"href":"https:\/\/ramossilva.adv.br\/en\/wp-json\/wp\/v2\/pages"}],"about":[{"href":"https:\/\/ramossilva.adv.br\/en\/wp-json\/wp\/v2\/types\/page"}],"author":[{"embeddable":true,"href":"https:\/\/ramossilva.adv.br\/en\/wp-json\/wp\/v2\/users\/1"}],"replies":[{"embeddable":true,"href":"https:\/\/ramossilva.adv.br\/en\/wp-json\/wp\/v2\/comments?post=10715"}],"version-history":[{"count":55,"href":"https:\/\/ramossilva.adv.br\/en\/wp-json\/wp\/v2\/pages\/10715\/revisions"}],"predecessor-version":[{"id":11831,"href":"https:\/\/ramossilva.adv.br\/en\/wp-json\/wp\/v2\/pages\/10715\/revisions\/11831"}],"wp:attachment":[{"href":"https:\/\/ramossilva.adv.br\/en\/wp-json\/wp\/v2\/media?parent=10715"}],"curies":[{"name":"wp","href":"https:\/\/api.w.org\/{rel}","templated":true}]}}