{"id":4631,"date":"2025-08-09T08:34:37","date_gmt":"2025-08-09T08:34:37","guid":{"rendered":"https:\/\/wp.rrdevs.net\/stravise\/?page_id=4631"},"modified":"2026-01-19T22:37:15","modified_gmt":"2026-01-19T22:37:15","slug":"contato","status":"publish","type":"page","link":"https:\/\/ramossilva.adv.br\/en\/contato\/","title":{"rendered":"Contato"},"content":{"rendered":"<div data-elementor-type=\"wp-page\" data-elementor-id=\"4631\" class=\"elementor elementor-4631\">\n\t\t\t\t<div class=\"elementor-element elementor-element-2edf28c e-con-full header_4_banner e-flex e-con e-parent\" data-id=\"2edf28c\" data-element_type=\"container\" data-e-type=\"container\" data-settings=\"{&quot;background_background&quot;:&quot;video&quot;}\">\n\t\t<div class=\"elementor-element elementor-element-cdc0a80 e-con-full e-flex e-con e-child\" data-id=\"cdc0a80\" data-element_type=\"container\" data-e-type=\"container\" data-settings=\"{&quot;background_background&quot;:&quot;video&quot;,&quot;background_video_link&quot;:&quot;https:\\\/\\\/ramossilva.adv.br\\\/wp-content\\\/uploads\\\/2025\\\/12\\\/video-06s.mp4&quot;,&quot;background_video_start&quot;:9,&quot;background_video_end&quot;:37}\">\n\t\t<div class=\"elementor-background-video-container elementor-hidden-mobile\">\n\t\t\t\t\t\t\t<video class=\"elementor-background-video-hosted\" role=\"presentation\" autoplay muted playsinline loop><\/video>\n\t\t\t\t\t<\/div><div class=\"elementor-element elementor-element-cd89e65 e-con-full e-flex e-con e-child\" data-id=\"cd89e65\" data-element_type=\"container\" data-e-type=\"container\">\n\t\t\t\t<div class=\"elementor-element elementor-element-82ad9d0 elementor-widget elementor-widget-image\" data-id=\"82ad9d0\" data-element_type=\"widget\" data-e-type=\"widget\" data-widget_type=\"image.default\">\n\t\t\t\t\t\t\t\t\t\t\t\t\t\t\t<img decoding=\"async\" src=\"https:\/\/wp.rrdevs.net\/stravise\/wp-content\/uploads\/2025\/07\/section-title-4-shape_3.svg\" title=\"\" alt=\"\" loading=\"lazy\" \/>\t\t\t\t\t\t\t\t\t\t\t\t\t\t\t<\/div>\n\t\t\t\t<div class=\"elementor-element elementor-element-968591b elementor-widget elementor-widget-heading\" data-id=\"968591b\" data-element_type=\"widget\" data-e-type=\"widget\" data-widget_type=\"heading.default\">\n\t\t\t\t\t<h4 class=\"elementor-heading-title elementor-size-default\">Chamada de Confian\u00e7a<\/h4>\t\t\t\t<\/div>\n\t\t\t\t<div class=\"elementor-element elementor-element-a21d0b6 elementor-widget elementor-widget-image\" data-id=\"a21d0b6\" data-element_type=\"widget\" data-e-type=\"widget\" data-widget_type=\"image.default\">\n\t\t\t\t\t\t\t\t\t\t\t\t\t\t\t<img decoding=\"async\" src=\"https:\/\/wp.rrdevs.net\/stravise\/wp-content\/uploads\/2025\/07\/section-title-4-shape_3.svg\" title=\"\" alt=\"\" loading=\"lazy\" \/>\t\t\t\t\t\t\t\t\t\t\t\t\t\t\t<\/div>\n\t\t\t\t<\/div>\n\t\t\t\t<div class=\"elementor-element elementor-element-fb4a0f9 elementor-widget__width-initial home_4_banner_head elementor-widget elementor-widget-heading\" data-id=\"fb4a0f9\" data-element_type=\"widget\" data-e-type=\"widget\" data-widget_type=\"heading.default\">\n\t\t\t\t\t<h2 class=\"elementor-heading-title elementor-size-default\">Fale Conosco<\/h2>\t\t\t\t<\/div>\n\t\t\t\t<div class=\"elementor-element elementor-element-255bf2f elementor-widget__width-initial elementor-invisible elementor-widget elementor-widget-text-editor\" data-id=\"255bf2f\" data-element_type=\"widget\" data-e-type=\"widget\" data-settings=\"{&quot;_animation&quot;:&quot;fadeInUp&quot;}\" data-widget_type=\"text-editor.default\">\n\t\t\t\t\t\t\t\t\t<p>O Ramos Silva Advogados valoriza a proximidade e o di\u00e1logo constante com seus clientes. Estamos \u00e0 disposi\u00e7\u00e3o para construir parcerias jur\u00eddicas estrat\u00e9gicas pautadas na confian\u00e7a, transpar\u00eancia e excel\u00eancia t\u00e9cnica.<\/p>\t\t\t\t\t\t\t\t<\/div>\n\t\t<div class=\"elementor-element elementor-element-5e20f34 e-con-full elementor-hidden-mobile_extra elementor-hidden-mobile elementor-hidden-tablet e-flex e-con e-child\" data-id=\"5e20f34\" data-element_type=\"container\" data-e-type=\"container\" data-settings=\"{&quot;background_background&quot;:&quot;classic&quot;,&quot;position&quot;:&quot;absolute&quot;}\">\n\t\t\t\t<div class=\"elementor-element elementor-element-d4998aa elementor-invisible elementor-widget elementor-widget-icon-box\" data-id=\"d4998aa\" data-element_type=\"widget\" data-e-type=\"widget\" data-settings=\"{&quot;_animation&quot;:&quot;fadeInUp&quot;}\" data-widget_type=\"icon-box.default\">\n\t\t\t\t\t\t\t<div class=\"elementor-icon-box-wrapper\">\n\n\t\t\t\n\t\t\t\t\t\t<div class=\"elementor-icon-box-content\">\n\n\t\t\t\t\n\t\t\t\t\t\t\t\t\t<p class=\"elementor-icon-box-description\">\n\t\t\t\t\t\tNosso atendimento \u00e9 realizado de forma personalizada e confidencial, sempre com foco em compreender as particularidades de cada demanda e oferecer respostas jur\u00eddicas precisas, eficientes e orientadas a resultados.\t\t\t\t\t<\/p>\n\t\t\t\t\n\t\t\t<\/div>\n\t\t\t\n\t\t<\/div>\n\t\t\t\t\t\t<\/div>\n\t\t\t\t<\/div>\n\t\t\t\t<\/div>\n\t\t\t\t<\/div>\n\t\t<div class=\"elementor-element elementor-element-0774ec3 e-flex e-con-boxed e-con e-parent\" data-id=\"0774ec3\" data-element_type=\"container\" data-e-type=\"container\">\n\t\t\t\t\t<div class=\"e-con-inner\">\n\t\t<div class=\"elementor-element elementor-element-114ec0d e-con-full e-flex e-con e-child\" data-id=\"114ec0d\" data-element_type=\"container\" data-e-type=\"container\">\n\t\t\t\t<div class=\"elementor-element elementor-element-e0a03e5 rr-title-anim elementor-widget elementor-widget-heading\" data-id=\"e0a03e5\" data-element_type=\"widget\" data-e-type=\"widget\" data-widget_type=\"heading.default\">\n\t\t\t\t\t<p class=\"elementor-heading-title elementor-size-default\">Fale Conosco<\/p>\t\t\t\t<\/div>\n\t\t\t\t<div class=\"elementor-element elementor-element-db77aa3 elementor-widget__width-initial rr-title-anim elementor-widget elementor-widget-heading\" data-id=\"db77aa3\" data-element_type=\"widget\" data-e-type=\"widget\" data-widget_type=\"heading.default\">\n\t\t\t\t\t<h2 class=\"elementor-heading-title elementor-size-default\">Nossa parceria jur\u00eddica come\u00e7a aqui<\/h2>\t\t\t\t<\/div>\n\t\t\t\t<div class=\"elementor-element elementor-element-8326f1d elementor-view-stacked elementor-position-inline-start elementor-mobile-position-inline-start elementor-shape-circle elementor-invisible elementor-widget elementor-widget-icon-box\" data-id=\"8326f1d\" data-element_type=\"widget\" data-e-type=\"widget\" data-settings=\"{&quot;_animation&quot;:&quot;fadeInUp&quot;}\" data-widget_type=\"icon-box.default\">\n\t\t\t\t\t\t\t<div class=\"elementor-icon-box-wrapper\">\n\n\t\t\t\t\t\t<div class=\"elementor-icon-box-icon\">\n\t\t\t\t<span  class=\"elementor-icon\">\n\t\t\t\t<i aria-hidden=\"true\" class=\"fa-regular fa-phone-volume\"><\/i>\t\t\t\t<\/span>\n\t\t\t<\/div>\n\t\t\t\n\t\t\t\t\t\t<div class=\"elementor-icon-box-content\">\n\n\t\t\t\t\t\t\t\t\t<h3 class=\"elementor-icon-box-title\">\n\t\t\t\t\t\t<span  >\n\t\t\t\t\t\t\tContato\t\t\t\t\t\t<\/span>\n\t\t\t\t\t<\/h3>\n\t\t\t\t\n\t\t\t\t\t\t\t\t\t<p class=\"elementor-icon-box-description\">\n\t\t\t\t\t\t<a href=\"tel:+553139950949\">(31) 3995-0949\n<\/a>\t\t\t\t\t<\/p>\n\t\t\t\t\n\t\t\t<\/div>\n\t\t\t\n\t\t<\/div>\n\t\t\t\t\t\t<\/div>\n\t\t\t\t<div class=\"elementor-element elementor-element-91f1931 elementor-view-stacked elementor-position-inline-start elementor-mobile-position-inline-start elementor-shape-circle elementor-invisible elementor-widget elementor-widget-icon-box\" data-id=\"91f1931\" data-element_type=\"widget\" data-e-type=\"widget\" data-settings=\"{&quot;_animation&quot;:&quot;fadeInUp&quot;}\" data-widget_type=\"icon-box.default\">\n\t\t\t\t\t\t\t<div class=\"elementor-icon-box-wrapper\">\n\n\t\t\t\t\t\t<div class=\"elementor-icon-box-icon\">\n\t\t\t\t<span  class=\"elementor-icon\">\n\t\t\t\t<i aria-hidden=\"true\" class=\"fa-regular fa-envelope\"><\/i>\t\t\t\t<\/span>\n\t\t\t<\/div>\n\t\t\t\n\t\t\t\t\t\t<div class=\"elementor-icon-box-content\">\n\n\t\t\t\t\t\t\t\t\t<h3 class=\"elementor-icon-box-title\">\n\t\t\t\t\t\t<span  >\n\t\t\t\t\t\t\tEmail\t\t\t\t\t\t<\/span>\n\t\t\t\t\t<\/h3>\n\t\t\t\t\n\t\t\t\t\t\t\t\t\t<p class=\"elementor-icon-box-description\">\n\t\t\t\t\t\t<a href=\"mailto:juridico@ramossilva.adv.br\">juridico@ramossilva.adv.br<\/a>\t\t\t\t\t<\/p>\n\t\t\t\t\n\t\t\t<\/div>\n\t\t\t\n\t\t<\/div>\n\t\t\t\t\t\t<\/div>\n\t\t\t\t<\/div>\n\t\t<div class=\"elementor-element elementor-element-3f14e39 e-con-full e-flex e-con e-child\" data-id=\"3f14e39\" data-element_type=\"container\" data-e-type=\"container\">\n\t\t\t\t<div class=\"elementor-element elementor-element-5b570b5 elementor-widget__width-initial elementor-widget elementor-widget-shortcode\" data-id=\"5b570b5\" data-element_type=\"widget\" data-e-type=\"widget\" data-widget_type=\"shortcode.default\">\n\t\t\t\t\t\t\t<div class=\"elementor-shortcode\">\n<div class=\"wpcf7 no-js\" id=\"wpcf7-f4671-o1\" lang=\"en-US\" dir=\"ltr\" data-wpcf7-id=\"4671\">\n<div class=\"screen-reader-response\"><p role=\"status\" aria-live=\"polite\" aria-atomic=\"true\"><\/p> <ul><\/ul><\/div>\n<form action=\"\/en\/wp-json\/wp\/v2\/pages\/4631#wpcf7-f4671-o1\" method=\"post\" class=\"wpcf7-form init\" aria-label=\"Contact form\" novalidate=\"novalidate\" data-status=\"init\" data-trp-original-action=\"\/en\/wp-json\/wp\/v2\/pages\/4631#wpcf7-f4671-o1\">\n<fieldset class=\"hidden-fields-container\"><input type=\"hidden\" name=\"_wpcf7\" value=\"4671\" \/><input type=\"hidden\" name=\"_wpcf7_version\" value=\"6.1.5\" \/><input type=\"hidden\" name=\"_wpcf7_locale\" value=\"en_US\" \/><input type=\"hidden\" name=\"_wpcf7_unit_tag\" value=\"wpcf7-f4671-o1\" \/><input type=\"hidden\" name=\"_wpcf7_container_post\" value=\"0\" \/><input type=\"hidden\" name=\"_wpcf7_posted_data_hash\" value=\"\" \/>\n<\/fieldset>\n<div class=\"contact-page__form white_smoke-3 fade-wrapper\">\n    <div class=\"contact-page__bg d-none d-sm-block\">\n        <div class=\"shape\">\n            <span><\/span>\n            <span><\/span>\n            <span><\/span>\n        <\/div>\n    <\/div>\n    <div class=\"row gx-50\">\n    <div class=\"col-md-6\">\n        <div class=\"contact-page__input fade-top\">\n            <span class=\"wpcf7-form-control-wrap\" data-name=\"your-name\"><input size=\"40\" maxlength=\"400\" class=\"wpcf7-form-control wpcf7-text wpcf7-validates-as-required form-control\" aria-required=\"true\" aria-invalid=\"false\" placeholder=\"Nome\" value=\"\" type=\"text\" name=\"your-name\" \/><\/span>\n        <\/div>\n    <\/div>\n    <div class=\"col-md-6\">\n        <div class=\"contact-page__input fade-top\">\n            <span class=\"wpcf7-form-control-wrap\" data-name=\"your-email\"><input size=\"40\" maxlength=\"400\" class=\"wpcf7-form-control wpcf7-email wpcf7-validates-as-required wpcf7-text wpcf7-validates-as-email form-control\" aria-required=\"true\" aria-invalid=\"false\" placeholder=\"Email\" value=\"\" type=\"email\" name=\"your-email\" \/><\/span>\n        <\/div>\n    <\/div>\n    <div class=\"col-md-6\">\n        <div class=\"contact-page__input fade-top\">\n            <span class=\"wpcf7-form-control-wrap\" data-name=\"your-phone\"><input size=\"40\" maxlength=\"400\" class=\"wpcf7-form-control wpcf7-text form-control\" aria-invalid=\"false\" placeholder=\"Telefone\" value=\"\" type=\"text\" name=\"your-phone\" \/><\/span>\n        <\/div>\n    <\/div>\n    <div class=\"col-md-6\">\n        <div class=\"contact-page__input fade-top\">\n            <span class=\"wpcf7-form-control-wrap\" data-name=\"your-subject\"><input size=\"40\" maxlength=\"400\" class=\"wpcf7-form-control wpcf7-text wpcf7-validates-as-required form-control\" aria-required=\"true\" aria-invalid=\"false\" placeholder=\"Assunto\" value=\"\" type=\"text\" name=\"your-subject\" \/><\/span>\n        <\/div>\n    <\/div>\n    <div class=\"col-12\">\n        <div class=\"contact-page__textarea fade-top\">\n            <span class=\"wpcf7-form-control-wrap\" data-name=\"your-message\"><textarea cols=\"40\" rows=\"10\" maxlength=\"2000\" class=\"wpcf7-form-control wpcf7-textarea wpcf7-validates-as-required form-control\" id=\"message\" aria-required=\"true\" aria-invalid=\"false\" placeholder=\"Mensagem\" name=\"your-message\"><\/textarea><\/span>\n        <\/div>\n    <\/div>\n    <div class=\"col-12\">\n        <div class=\"contact-page__btn fade-top\">\n            <button type=\"submit\" class=\"wpcf7-submit rr-btn rr-btn_2 hover-anim\">\n                Enviar <i class=\"fa-light fa-angle-right\"><\/i>\n                <span class=\"hover-bg\"><\/span>\n            <\/button>\n        <\/div>\n    <\/div>\n<\/div>\n<p class=\"ajax-response\"><\/p>\n\n<\/div><div class=\"wpcf7-response-output\" aria-hidden=\"true\"><\/div>\n<input type=\"hidden\" name=\"trp-form-language\" value=\"en\"\/><\/form>\n<\/div>\n<\/div>\n\t\t\t\t\t\t<\/div>\n\t\t\t\t<\/div>\n\t\t\t\t\t<\/div>\n\t\t\t\t<\/div>\n\t\t<div class=\"elementor-element elementor-element-5afa834 e-con-full e-flex e-con e-parent\" data-id=\"5afa834\" data-element_type=\"container\" data-e-type=\"container\">\n\t\t<div class=\"elementor-element elementor-element-59ede1e e-flex e-con-boxed e-con e-child\" data-id=\"59ede1e\" data-element_type=\"container\" data-e-type=\"container\" data-settings=\"{&quot;background_background&quot;:&quot;classic&quot;}\">\n\t\t\t\t\t<div class=\"e-con-inner\">\n\t\t<div class=\"elementor-element elementor-element-0bd48bd e-con-full e-flex e-con e-child\" data-id=\"0bd48bd\" data-element_type=\"container\" data-e-type=\"container\">\n\t\t\t\t<div class=\"elementor-element elementor-element-7292c22 elementor-view-framed elementor-position-inline-start elementor-widget__width-auto elementor-mobile-position-inline-start elementor-widget-mobile_extra__width-initial elementor-widget-tablet_extra__width-initial elementor-shape-circle elementor-invisible elementor-widget elementor-widget-icon-box\" data-id=\"7292c22\" data-element_type=\"widget\" data-e-type=\"widget\" data-settings=\"{&quot;_animation&quot;:&quot;fadeInUp&quot;}\" data-widget_type=\"icon-box.default\">\n\t\t\t\t\t\t\t<div class=\"elementor-icon-box-wrapper\">\n\n\t\t\t\t\t\t<div class=\"elementor-icon-box-icon\">\n\t\t\t\t<span  class=\"elementor-icon\">\n\t\t\t\t<svg aria-hidden=\"true\" class=\"e-font-icon-svg e-fas-map-marker-alt\" viewbox=\"0 0 384 512\" xmlns=\"http:\/\/www.w3.org\/2000\/svg\"><path d=\"M172.268 501.67C26.97 291.031 0 269.413 0 192 0 85.961 85.961 0 192 0s192 85.961 192 192c0 77.413-26.97 99.031-172.268 309.67-9.535 13.774-29.93 13.773-39.464 0zM192 272c44.183 0 80-35.817 80-80s-35.817-80-80-80-80 35.817-80 80 35.817 80 80 80z\"><\/path><\/svg>\t\t\t\t<\/span>\n\t\t\t<\/div>\n\t\t\t\n\t\t\t\n\t\t<\/div>\n\t\t\t\t\t\t<\/div>\n\t\t\t\t<div class=\"elementor-element elementor-element-3b7a788 elementor-widget__width-initial rr-title-anim elementor-widget elementor-widget-heading\" data-id=\"3b7a788\" data-element_type=\"widget\" data-e-type=\"widget\" data-widget_type=\"heading.default\">\n\t\t\t\t\t<h2 class=\"elementor-heading-title elementor-size-default\">Nossos Escrit\u00f3rios<\/h2>\t\t\t\t<\/div>\n\t\t\t\t<\/div>\n\t\t<div class=\"elementor-element elementor-element-ea1ba76 e-con-full e-flex e-con e-child\" data-id=\"ea1ba76\" data-element_type=\"container\" data-e-type=\"container\">\n\t\t<div class=\"elementor-element elementor-element-23f1eab e-con-full e-flex e-con e-child\" data-id=\"23f1eab\" data-element_type=\"container\" data-e-type=\"container\">\n\t\t\t\t<div class=\"elementor-element elementor-element-fa3ace6 elementor-widget-divider--view-line elementor-widget elementor-widget-divider\" data-id=\"fa3ace6\" data-element_type=\"widget\" data-e-type=\"widget\" data-widget_type=\"divider.default\">\n\t\t\t\t\t\t\t<div class=\"elementor-divider\">\n\t\t\t<span class=\"elementor-divider-separator\">\n\t\t\t\t\t\t<\/span>\n\t\t<\/div>\n\t\t\t\t\t\t<\/div>\n\t\t\t\t<\/div>\n\t\t\t\t<\/div>\n\t\t<div class=\"elementor-element elementor-element-57ae831 e-con-full e-flex e-con e-child\" data-id=\"57ae831\" data-element_type=\"container\" data-e-type=\"container\">\n\t\t<div class=\"elementor-element elementor-element-bfcf44f e-con-full e-flex e-con e-child\" data-id=\"bfcf44f\" data-element_type=\"container\" data-e-type=\"container\">\n\t\t\t\t<div class=\"elementor-element elementor-element-6d547a6 elementor-widget elementor-widget-stravise_faq\" data-id=\"6d547a6\" data-element_type=\"widget\" data-e-type=\"widget\" data-widget_type=\"stravise_faq.default\">\n\t\t\t\t<div class=\"elementor-widget-container\">\n\t\t\t\t\t\r\n\r\n        \r\n                <div class=\"faq-section-4__faq\">\r\n                    <div class=\"accordion\" id=\"accordionExample-6d547a6\">\r\n                                                    <div class=\"accordion-item\">\r\n                                <h2 class=\"accordion-header\">\r\n                                    <button class=\"accordion-button\" type=\"button\" \r\n                                        data-bs-toggle=\"collapse\" \r\n                                        data-bs-target=\"#collapseOne-6d547a60\"\r\n                                        aria-expanded=\"true\" \r\n                                        aria-controls=\"collapseOne-6d547a60\">\r\n                                                                                Belo Horizonte                                    <\/button>\r\n                                <\/h2>\r\n                                <div id=\"collapseOne-6d547a60\" class=\"accordion-collapse collapse show\" data-bs-parent=\"#accordionExample-6d547a6\">\r\n                                    <div class=\"accordion-body\">\r\n                                        <p>Av. Nossa Senhora do Carmo, n\u00ba 45 \u2013 Cj. 301 \u2013 Bairro Carmo<br>Belo Horizonte\/MG \u2013 CEP 30.330-000 <br> <a href=\"https:\/\/maps.app.goo.gl\/t7ev6JD2NyTRngQs9\" target=\"_blank\"><strong>Como Chegar<\/strong><\/a><\/p>\r\n                                    <\/div>\r\n                                <\/div>\r\n                            <\/div> \r\n                                                    <div class=\"accordion-item\">\r\n                                <h2 class=\"accordion-header\">\r\n                                    <button class=\"accordion-button\" type=\"button\" \r\n                                        data-bs-toggle=\"collapse\" \r\n                                        data-bs-target=\"#collapseOne-6d547a61\"\r\n                                        aria-expanded=\"true\" \r\n                                        aria-controls=\"collapseOne-6d547a61\">\r\n                                                                                Betim                                    <\/button>\r\n                                <\/h2>\r\n                                <div id=\"collapseOne-6d547a61\" class=\"accordion-collapse collapse show\" data-bs-parent=\"#accordionExample-6d547a6\">\r\n                                    <div class=\"accordion-body\">\r\n                                        <p>Rua Cremerie, 216 \u2013 Petr\u00f3polis <br>Betim\/MG \u2013 CEP 32.655-080 <br> <a href=\"https:\/\/maps.app.goo.gl\/6wniTSdEMuYg1ySEA\" target=\"_blank\"><strong>Como Chegar<\/strong><\/a>\n\n\n<\/p>\r\n                                    <\/div>\r\n                                <\/div>\r\n                            <\/div> \r\n                                                    <div class=\"accordion-item\">\r\n                                <h2 class=\"accordion-header\">\r\n                                    <button class=\"accordion-button\" type=\"button\" \r\n                                        data-bs-toggle=\"collapse\" \r\n                                        data-bs-target=\"#collapseOne-6d547a62\"\r\n                                        aria-expanded=\"true\" \r\n                                        aria-controls=\"collapseOne-6d547a62\">\r\n                                                                                S\u00e3o Paulo                                    <\/button>\r\n                                <\/h2>\r\n                                <div id=\"collapseOne-6d547a62\" class=\"accordion-collapse collapse show\" data-bs-parent=\"#accordionExample-6d547a6\">\r\n                                    <div class=\"accordion-body\">\r\n                                        <p>Av. Engenheiro Luiz Carlos Berrini, 1681 \u2013 11\u00b0 andar \u2013 Cidade Mon\u00e7\u00f5es<br>S\u00e3o Paulo \u2013 04571-011 <br> <a href=\"https:\/\/maps.app.goo.gl\/zr8FinQaN21KSDNPA\" target=\"_blank\"><strong>Como Chegar<\/strong><\/a>\n\n\n<\/p>\r\n                                    <\/div>\r\n                                <\/div>\r\n                            <\/div> \r\n                                            <\/div> \r\n                <\/div>\r\n\r\n        \t\t\t\t<\/div>\n\t\t\t\t<\/div>\n\t\t\t\t<\/div>\n\t\t\t\t<\/div>\n\t\t\t\t\t<\/div>\n\t\t\t\t<\/div>\n\t\t\t\t<\/div>\n\t\t<div class=\"elementor-element elementor-element-8f7ab1c e-flex e-con-boxed e-con e-parent\" data-id=\"8f7ab1c\" data-element_type=\"container\" data-e-type=\"container\">\n\t\t\t\t\t<div class=\"e-con-inner\">\n\t\t\t\t\t<\/div>\n\t\t\t\t<\/div>\n\t\t\t\t<\/div>","protected":false},"excerpt":{"rendered":"<p>Chamada de Confian\u00e7a Fale Conosco O Ramos Silva Advogados valoriza a proximidade e o di\u00e1logo constante com seus clientes. Estamos \u00e0 disposi\u00e7\u00e3o para construir parcerias jur\u00eddicas estrat\u00e9gicas pautadas na confian\u00e7a, transpar\u00eancia e excel\u00eancia t\u00e9cnica. Nosso atendimento \u00e9 realizado de forma personalizada e confidencial, sempre com foco em compreender as particularidades de cada demanda e oferecer [&hellip;]<\/p>\n","protected":false},"author":1,"featured_media":0,"parent":0,"menu_order":0,"comment_status":"closed","ping_status":"closed","template":"elementor_header_footer","meta":{"_monsterinsights_skip_tracking":false,"_monsterinsights_sitenote_active":false,"_monsterinsights_sitenote_note":"","_monsterinsights_sitenote_category":0,"footnotes":""},"class_list":["post-4631","page","type-page","status-publish","hentry"],"aioseo_notices":[],"_hostinger_reach_plugin_has_subscription_block":false,"_hostinger_reach_plugin_is_elementor":false,"_links":{"self":[{"href":"https:\/\/ramossilva.adv.br\/en\/wp-json\/wp\/v2\/pages\/4631","targetHints":{"allow":["GET"]}}],"collection":[{"href":"https:\/\/ramossilva.adv.br\/en\/wp-json\/wp\/v2\/pages"}],"about":[{"href":"https:\/\/ramossilva.adv.br\/en\/wp-json\/wp\/v2\/types\/page"}],"author":[{"embeddable":true,"href":"https:\/\/ramossilva.adv.br\/en\/wp-json\/wp\/v2\/users\/1"}],"replies":[{"embeddable":true,"href":"https:\/\/ramossilva.adv.br\/en\/wp-json\/wp\/v2\/comments?post=4631"}],"version-history":[{"count":83,"href":"https:\/\/ramossilva.adv.br\/en\/wp-json\/wp\/v2\/pages\/4631\/revisions"}],"predecessor-version":[{"id":12170,"href":"https:\/\/ramossilva.adv.br\/en\/wp-json\/wp\/v2\/pages\/4631\/revisions\/12170"}],"wp:attachment":[{"href":"https:\/\/ramossilva.adv.br\/en\/wp-json\/wp\/v2\/media?parent=4631"}],"curies":[{"name":"wp","href":"https:\/\/api.w.org\/{rel}","templated":true}]}}